{"id":1110,"date":"2022-02-14T18:03:13","date_gmt":"2022-02-14T17:03:13","guid":{"rendered":"https:\/\/test.institut-frei-raum.ch\/?page_id=1110"},"modified":"2022-02-15T19:52:00","modified_gmt":"2022-02-15T18:52:00","slug":"links-and-friends","status":"publish","type":"page","link":"https:\/\/test.institut-frei-raum.ch\/index.php\/links-and-friends\/","title":{"rendered":"Links and Friends"},"content":{"rendered":"<p>[et_pb_section fb_built=&#8220;1&#8243; _builder_version=&#8220;4.14.7&#8243; use_background_color_gradient=&#8220;on&#8220; background_color_gradient_start=&#8220;rgba(255,255,255,0.5)&#8220; background_color_gradient_end=&#8220;#ffffff&#8220; background_color_gradient_overlays_image=&#8220;on&#8220; background_image=&#8220;https:\/\/test.institut-frei-raum.ch\/wp-content\/uploads\/2022\/02\/signpost-1161965_1920.jpg&#8220; custom_margin=&#8220;||||false&#8220; custom_padding=&#8220;0vw||0vw||false|false&#8220; global_colors_info=&#8220;{}&#8220;][et_pb_row _builder_version=&#8220;4.14.7&#8243; _module_preset=&#8220;default&#8220; min_height=&#8220;449px&#8220; global_colors_info=&#8220;{}&#8220;][et_pb_column type=&#8220;4_4&#8243; _builder_version=&#8220;4.14.7&#8243; _module_preset=&#8220;default&#8220; global_colors_info=&#8220;{}&#8220;][et_pb_text _builder_version=&#8220;4.14.7&#8243; _module_preset=&#8220;default&#8220; min_height=&#8220;207.8px&#8220; global_colors_info=&#8220;{}&#8220;][\/et_pb_text][et_pb_text _builder_version=&#8220;4.14.7&#8243; _module_preset=&#8220;default&#8220; header_font=&#8220;|||on|||||&#8220; header_text_align=&#8220;center&#8220; header_text_color=&#8220;#000000&#8243; min_height=&#8220;17px&#8220; header_text_shadow_style=&#8220;preset1&#8243; global_colors_info=&#8220;{}&#8220;]<\/p>\n<h1>Links and Friends<\/h1>\n<p>[\/et_pb_text][\/et_pb_column][\/et_pb_row][\/et_pb_section][et_pb_section fb_built=&#8220;1&#8243; _builder_version=&#8220;4.14.7&#8243; _module_preset=&#8220;default&#8220; global_colors_info=&#8220;{}&#8220;][et_pb_row _builder_version=&#8220;4.14.7&#8243; _module_preset=&#8220;default&#8220; global_colors_info=&#8220;{}&#8220;][et_pb_column type=&#8220;4_4&#8243; _builder_version=&#8220;4.14.7&#8243; _module_preset=&#8220;default&#8220; global_colors_info=&#8220;{}&#8220;][et_pb_text _builder_version=&#8220;4.14.7&#8243; _module_preset=&#8220;default&#8220; min_height=&#8220;376.8px&#8220; hover_enabled=&#8220;0&#8243; global_colors_info=&#8220;{}&#8220; sticky_enabled=&#8220;0&#8243;]<\/p>\n<table style=\"border-collapse: collapse; width: 100%; height: 170px;\" border=\"1\">\n<tbody>\n<tr style=\"height: 24px;\">\n<td style=\"width: 50%; height: 24px;\"><strong>Gesundheit:<\/strong><\/td>\n<td style=\"width: 50%; height: 24px;\"><\/td>\n<\/tr>\n<tr style=\"height: 24px;\">\n<td style=\"width: 50%; height: 24px;\"><a href=\"https:\/\/annette-wey.ch\/\" target=\"_blank\" rel=\"noopener\">Annette Wey<\/a><\/td>\n<td style=\"width: 50%; height: 24px;\">Coaching und Beratung f\u00fcr Dein Leben<\/td>\n<\/tr>\n<tr style=\"height: 24px;\">\n<td style=\"width: 50%; height: 24px;\"><a href=\"https:\/\/freibewegt.ch\" target=\"_blank\" rel=\"noopener\">Freibewegt, Stefan Frei<\/a><\/td>\n<td style=\"width: 50%; height: 24px;\">Zentrum f\u00fcr Training und Therapie<\/td>\n<\/tr>\n<tr style=\"height: 24px;\">\n<td style=\"width: 50%; height: 24px;\"><a href=\"https:\/\/www.roth4foot.com\/\" target=\"_blank\" rel=\"noopener\">Roth4Foot, Christian und Franziska Roth<\/a><\/td>\n<td style=\"width: 50%; height: 24px;\">Orthop\u00e4die, Schuheinlagen uvm.<\/td>\n<\/tr>\n<tr style=\"height: 24px;\">\n<td style=\"width: 50%; height: 24px;\"><a href=\"http:\/\/www.praxistobler.ch\/\" target=\"_blank\" rel=\"noopener\">Matthias Tobler<\/a><\/td>\n<td style=\"width: 50%; height: 24px;\">Osteopathie<\/td>\n<\/tr>\n<tr style=\"height: 10px;\">\n<td style=\"width: 50%; height: 10px;\"><a href=\"https:\/\/martina-coaching.ch\/\" target=\"_blank\" rel=\"noopener\">Martina Enderlin<\/a><\/td>\n<td style=\"width: 50%; height: 10px;\">Coaching f\u00fcr Dein Wohlf\u00fchlen<\/td>\n<\/tr>\n<tr style=\"height: 10px;\">\n<td style=\"width: 50%; height: 10px;\"><a href=\"https:\/\/www.vollokay.ch\/\">Tanja D\u00f6rig, Vollokay Coaching<\/a><\/td>\n<td style=\"width: 50%; height: 10px;\">Atmen, Coaching von Kinder und Jugendlichen<\/td>\n<\/tr>\n<tr style=\"height: 10px;\">\n<td style=\"width: 50%; height: 10px;\"><a href=\"https:\/\/deinezeit-praxis.ch\/\" target=\"_blank\" rel=\"noopener\">Karin Meile, Kant. appr. Heilpraktikerin TEN<\/a><\/td>\n<td style=\"width: 50%; height: 10px;\">Naturheilpraxis, Dunkelfeldmikroskopie<\/td>\n<\/tr>\n<tr style=\"height: 0px;\">\n<td style=\"width: 50%; height: 10px;\"><a href=\"http:\/\/praxis-baerenklau.ch\/\" target=\"_blank\" rel=\"noopener\">Bea und Uwe B\u00e4renklau<\/a><\/td>\n<td style=\"width: 50%; height: 10px;\">Praxis f\u00fcr Zahngesundheit<\/td>\n<\/tr>\n<tr style=\"height: 0px;\">\n<td style=\"width: 50%; height: 10px;\"><a href=\"https:\/\/appenzellerzahnarzt.ch\/\" target=\"_blank\" rel=\"noopener\">Philipp St\u00e4dler<\/a><\/td>\n<td style=\"width: 50%; height: 10px;\">Appenzeller Zahnarzt<\/td>\n<\/tr>\n<\/tbody>\n<\/table>\n<p>&nbsp;<\/p>\n<p>[\/et_pb_text][et_pb_text _builder_version=&#8220;4.14.7&#8243; _module_preset=&#8220;default&#8220; global_colors_info=&#8220;{}&#8220;]<\/p>\n<table style=\"border-collapse: collapse; width: 100%;\" border=\"1\">\n<tbody>\n<tr>\n<td style=\"width: 50%;\"><strong>Allerlei:<\/strong><\/td>\n<td style=\"width: 50%;\"><\/td>\n<\/tr>\n<tr>\n<td style=\"width: 50%;\"><a href=\"https:\/\/koller.team\/team\" target=\"_blank\" rel=\"noopener\">Koller Team<\/a><\/td>\n<td style=\"width: 50%;\">Werbung, Internet<\/td>\n<\/tr>\n<tr>\n<td style=\"width: 50%;\"><a href=\"https:\/\/www.naef-ag.ch\/\" target=\"_blank\" rel=\"noopener\">N\u00e4f AG<\/a><\/td>\n<td style=\"width: 50%;\">Ihr Partner in der Holzbearbeitung<\/td>\n<\/tr>\n<tr>\n<td style=\"width: 50%;\"><a href=\"https:\/\/www.stuhlfabrik-herisau.ch\/home.html\" target=\"_blank\" rel=\"noopener\">Stuhlfabrik, Herisau<\/a><\/td>\n<td style=\"width: 50%;\">Kultur<\/td>\n<\/tr>\n<\/tbody>\n<\/table>\n<p>[\/et_pb_text][et_pb_text _builder_version=&#8220;4.14.7&#8243; _module_preset=&#8220;default&#8220; global_colors_info=&#8220;{}&#8220;]<\/p>\n<table style=\"border-collapse: collapse; width: 100.149%; height: 146px;\" height=\"158\" border=\"1\">\n<tbody>\n<tr>\n<td style=\"width: 50%;\"><strong>Essen und Trinken:<\/strong><\/td>\n<td style=\"width: 50%;\"><\/td>\n<\/tr>\n<tr style=\"height: 34px;\">\n<td style=\"width: 50%; height: 34px;\"><a href=\"https:\/\/reformhaus.ch\/content\/filialen\/herisau\/herisau\/index_ger.html\" target=\"_blank\" rel=\"noopener\">M\u00fcller Reformhaus, Herisau<\/a><\/td>\n<td style=\"width: 50%; height: 34px;\">M\u00fcller Reformhaus Vital Shop<\/td>\n<\/tr>\n<tr style=\"height: 34px;\">\n<td style=\"width: 50%; height: 34px;\"><a href=\"https:\/\/baeckerei-gerig.ch\/\" target=\"_blank\" rel=\"noopener\">Gerig B\u00e4ckerei Waldstatt<\/a><\/td>\n<td style=\"width: 50%; height: 34px;\">Glutenfreie Produkte<\/td>\n<\/tr>\n<tr style=\"height: 34px;\">\n<td style=\"width: 50%; height: 34px;\"><a href=\"https:\/\/www.naturnoechnauer.ch\/\" target=\"_blank\" rel=\"noopener\">NaturN\u00f6chNauer<\/a><\/td>\n<td style=\"width: 50%; height: 34px;\">Bio-Fleischwaren ab Hof<\/td>\n<\/tr>\n<tr>\n<td style=\"width: 50%;\"><a href=\"https:\/\/wyburg.ch\/\" target=\"_blank\" rel=\"noopener\">Wyburg, Herisau<\/a><\/td>\n<td style=\"width: 50%;\">Weine &amp; Events<\/td>\n<\/tr>\n<\/tbody>\n<\/table>\n<p>[\/et_pb_text][et_pb_text _builder_version=&#8220;4.14.7&#8243; _module_preset=&#8220;default&#8220; global_colors_info=&#8220;{}&#8220;]<\/p>\n<table style=\"border-collapse: collapse; width: 100%; height: 222px;\" border=\"1\">\n<tbody>\n<tr style=\"height: 24px;\">\n<td style=\"width: 50%; height: 24px;\"><strong>Musikalisches:<\/strong><\/td>\n<td style=\"width: 50%; height: 24px;\"><\/td>\n<\/tr>\n<tr style=\"height: 24px;\">\n<td style=\"width: 50%; height: 24px;\"><a href=\"https:\/\/www.michismusik.ch\/\" target=\"_blank\" rel=\"noopener\">Michismusik.ch, Michi Jud<\/a><\/td>\n<td style=\"width: 50%; height: 24px;\">Tonstudio, Musikproduzent, Musiklehrer<\/td>\n<\/tr>\n<tr style=\"height: 48px;\">\n<td style=\"width: 50%; height: 48px;\"><a href=\"https:\/\/www.frowinneff.info\/\" target=\"_blank\" rel=\"noopener\">Frowin Neff<\/a><\/td>\n<td style=\"width: 50%; height: 48px;\">Entertainer, Komponist, Dirigent, Musiklehrer uvm.<\/td>\n<\/tr>\n<tr style=\"height: 48px;\">\n<td style=\"width: 50%; height: 48px;\"><a href=\"https:\/\/waschaecht.ch\/\" target=\"_blank\" rel=\"noopener\">quartett wasch\u00e4cht<\/a><\/td>\n<td style=\"width: 50%; height: 48px;\">wasch\u00e4chte: Musik, Humor, Gesang, Unterhaltung<\/td>\n<\/tr>\n<tr style=\"height: 24px;\">\n<td style=\"width: 50%; height: 24px;\"><a href=\"https:\/\/www.martin-o.ch\/\">Martin O.<\/a><\/td>\n<td style=\"width: 50%; height: 24px;\">Vielstimmiger Solok\u00fcnstler<\/td>\n<\/tr>\n<tr style=\"height: 24px;\">\n<td style=\"width: 50%; height: 24px;\"><a href=\"http:\/\/www.phonoplay.ch\/\" target=\"_blank\" rel=\"noopener\">Phonoplay International<\/a><\/td>\n<td style=\"width: 50%; height: 24px;\">Tonstudio, Musikproduzen,<\/td>\n<\/tr>\n<tr style=\"height: 10px;\">\n<td style=\"width: 50%; height: 10px;\"><a href=\"https:\/\/www.niklaushess.ch\/\" target=\"_blank\" rel=\"noopener\">Niklaus Hess<\/a><\/td>\n<td style=\"width: 50%; height: 10px;\">Komponist, L\u00e4ndlermusikant<\/td>\n<\/tr>\n<\/tbody>\n<\/table>\n<p>[\/et_pb_text][\/et_pb_column][\/et_pb_row][\/et_pb_section]<\/p>\n","protected":false},"excerpt":{"rendered":"<p>Links and Friends Gesundheit: Annette Wey Coaching und Beratung f\u00fcr Dein Leben Freibewegt, Stefan Frei Zentrum f\u00fcr Training und Therapie Roth4Foot, Christian und Franziska Roth Orthop\u00e4die, Schuheinlagen uvm. Matthias Tobler Osteopathie Martina Enderlin Coaching f\u00fcr Dein Wohlf\u00fchlen Tanja D\u00f6rig, Vollokay Coaching Atmen, Coaching von Kinder und Jugendlichen Karin Meile, Kant. appr. Heilpraktikerin TEN Naturheilpraxis, Dunkelfeldmikroskopie [&hellip;]<\/p>\n","protected":false},"author":1,"featured_media":0,"parent":0,"menu_order":0,"comment_status":"closed","ping_status":"closed","template":"","meta":{"_et_pb_use_builder":"on","_et_pb_old_content":"","_et_gb_content_width":"","footnotes":""},"class_list":["post-1110","page","type-page","status-publish","hentry"],"_links":{"self":[{"href":"https:\/\/test.institut-frei-raum.ch\/index.php\/wp-json\/wp\/v2\/pages\/1110","targetHints":{"allow":["GET"]}}],"collection":[{"href":"https:\/\/test.institut-frei-raum.ch\/index.php\/wp-json\/wp\/v2\/pages"}],"about":[{"href":"https:\/\/test.institut-frei-raum.ch\/index.php\/wp-json\/wp\/v2\/types\/page"}],"author":[{"embeddable":true,"href":"https:\/\/test.institut-frei-raum.ch\/index.php\/wp-json\/wp\/v2\/users\/1"}],"replies":[{"embeddable":true,"href":"https:\/\/test.institut-frei-raum.ch\/index.php\/wp-json\/wp\/v2\/comments?post=1110"}],"version-history":[{"count":9,"href":"https:\/\/test.institut-frei-raum.ch\/index.php\/wp-json\/wp\/v2\/pages\/1110\/revisions"}],"predecessor-version":[{"id":1141,"href":"https:\/\/test.institut-frei-raum.ch\/index.php\/wp-json\/wp\/v2\/pages\/1110\/revisions\/1141"}],"wp:attachment":[{"href":"https:\/\/test.institut-frei-raum.ch\/index.php\/wp-json\/wp\/v2\/media?parent=1110"}],"curies":[{"name":"wp","href":"https:\/\/api.w.org\/{rel}","templated":true}]}}